{"id":3710,"date":"2024-01-10T10:46:16","date_gmt":"2024-01-10T09:46:16","guid":{"rendered":"https:\/\/www.tarosdiscovery.com\/karriere\/stellenausschreibungen\/chemielaborant-in\/"},"modified":"2024-01-20T17:31:18","modified_gmt":"2024-01-20T16:31:18","slug":"chemielaborant-in","status":"publish","type":"page","link":"https:\/\/www.tarosdiscovery.com\/de\/karriere\/stellenausschreibungen\/chemielaborant\/","title":{"rendered":"Chemielaborant\/-in"},"content":{"rendered":"\t\t<div data-elementor-type=\"wp-page\" data-elementor-id=\"3710\" class=\"elementor elementor-3710\" data-elementor-post-type=\"page\">\n\t\t\t\t\t\t<section class=\"elementor-section elementor-top-section elementor-element elementor-element-5c6c422 elementor-section-boxed elementor-section-height-default elementor-section-height-default\" data-id=\"5c6c422\" data-element_type=\"section\" data-e-type=\"section\" data-settings=\"{&quot;background_background&quot;:&quot;classic&quot;}\">\n\t\t\t\t\t\t<div class=\"elementor-container elementor-column-gap-default\">\n\t\t\t\t\t<div class=\"elementor-column elementor-col-100 elementor-top-column elementor-element elementor-element-8e2f8d0\" data-id=\"8e2f8d0\" data-element_type=\"column\" data-e-type=\"column\">\n\t\t\t<div class=\"elementor-widget-wrap elementor-element-populated\">\n\t\t\t\t\t\t<div class=\"elementor-element elementor-element-a98a14e elementor-widget elementor-widget-heading\" data-id=\"a98a14e\" data-element_type=\"widget\" data-e-type=\"widget\" data-widget_type=\"heading.default\">\n\t\t\t\t<div class=\"elementor-widget-container\">\n\t\t\t\t\t<h1 class=\"elementor-heading-title elementor-size-default\">Chemielaborant\/-in<\/h1>\t\t\t\t<\/div>\n\t\t\t\t<\/div>\n\t\t\t\t\t<\/div>\n\t\t<\/div>\n\t\t\t\t\t<\/div>\n\t\t<\/section>\n\t\t\t\t<section class=\"elementor-section elementor-top-section elementor-element elementor-element-c676ed3 elementor-section-boxed elementor-section-height-default elementor-section-height-default\" data-id=\"c676ed3\" data-element_type=\"section\" data-e-type=\"section\">\n\t\t\t\t\t\t<div class=\"elementor-container elementor-column-gap-default\">\n\t\t\t\t\t<div class=\"elementor-column elementor-col-100 elementor-top-column elementor-element elementor-element-7dd24a8\" data-id=\"7dd24a8\" data-element_type=\"column\" data-e-type=\"column\">\n\t\t\t<div class=\"elementor-widget-wrap\">\n\t\t\t\t\t\t\t<\/div>\n\t\t<\/div>\n\t\t\t\t\t<\/div>\n\t\t<\/section>\n\t\t\t\t<section class=\"elementor-section elementor-top-section elementor-element elementor-element-4da9dba elementor-section-boxed elementor-section-height-default elementor-section-height-default\" data-id=\"4da9dba\" data-element_type=\"section\" data-e-type=\"section\">\n\t\t\t\t\t\t<div class=\"elementor-container elementor-column-gap-default\">\n\t\t\t\t\t<div class=\"elementor-column elementor-col-100 elementor-top-column elementor-element elementor-element-a66858d\" data-id=\"a66858d\" data-element_type=\"column\" data-e-type=\"column\">\n\t\t\t<div class=\"elementor-widget-wrap elementor-element-populated\">\n\t\t\t\t\t\t<div class=\"elementor-element elementor-element-d7cfc04 elementor-tabs-view-vertical elementor-widget elementor-widget-tabs\" data-id=\"d7cfc04\" data-element_type=\"widget\" data-e-type=\"widget\" data-widget_type=\"tabs.default\">\n\t\t\t\t<div class=\"elementor-widget-container\">\n\t\t\t\t\t\t\t<div class=\"elementor-tabs\">\n\t\t\t<div class=\"elementor-tabs-wrapper\" role=\"tablist\" >\n\t\t\t\t\t\t\t\t\t<div id=\"elementor-tab-title-2261\" class=\"elementor-tab-title elementor-tab-desktop-title\" aria-selected=\"true\" data-tab=\"1\" role=\"tab\" tabindex=\"0\" aria-controls=\"elementor-tab-content-2261\" aria-expanded=\"false\">Job Profil und Aufgaben<\/div>\n\t\t\t\t\t\t\t\t\t<div id=\"elementor-tab-title-2262\" class=\"elementor-tab-title elementor-tab-desktop-title\" aria-selected=\"false\" data-tab=\"2\" role=\"tab\" tabindex=\"-1\" aria-controls=\"elementor-tab-content-2262\" aria-expanded=\"false\">Unsere Erwartungen an Ihr Profil<\/div>\n\t\t\t\t\t\t\t\t\t<div id=\"elementor-tab-title-2263\" class=\"elementor-tab-title elementor-tab-desktop-title\" aria-selected=\"false\" data-tab=\"3\" role=\"tab\" tabindex=\"-1\" aria-controls=\"elementor-tab-content-2263\" aria-expanded=\"false\">Unser Angebot<\/div>\n\t\t\t\t\t\t\t<\/div>\n\t\t\t<div class=\"elementor-tabs-content-wrapper\" role=\"tablist\" aria-orientation=\"vertical\">\n\t\t\t\t\t\t\t\t\t<div class=\"elementor-tab-title elementor-tab-mobile-title\" aria-selected=\"true\" data-tab=\"1\" role=\"tab\" tabindex=\"0\" aria-controls=\"elementor-tab-content-2261\" aria-expanded=\"false\">Job Profil und Aufgaben<\/div>\n\t\t\t\t\t<div id=\"elementor-tab-content-2261\" class=\"elementor-tab-content elementor-clearfix\" data-tab=\"1\" role=\"tabpanel\" aria-labelledby=\"elementor-tab-title-2261\" tabindex=\"0\" hidden=\"false\"><ul>\n<li>Selbst\u00e4ndige Planung und Durchf\u00fchrung von synthetischen Standardverfahren unter der Anleitung eines erfahrenen Laborleiters<\/li>\n<li>Dokumentation und Protokollierung von synthetischen Verfahren sowie Analysedaten<\/li>\n<li>Qualifizierung und \u00dcberwachung der Laborger\u00e4te sowie allgemeine Labort\u00e4tigkeiten<\/li>\n<li>Unterst\u00fctzung bei der Erstellung von Pl\u00e4nen, Berichten und Standardarbeitsanweisungen (SOP) sowie Excel-Validierungen<\/li>\n<\/ul>\n<\/div>\n\t\t\t\t\t\t\t\t\t<div class=\"elementor-tab-title elementor-tab-mobile-title\" aria-selected=\"false\" data-tab=\"2\" role=\"tab\" tabindex=\"-1\" aria-controls=\"elementor-tab-content-2262\" aria-expanded=\"false\">Unsere Erwartungen an Ihr Profil<\/div>\n\t\t\t\t\t<div id=\"elementor-tab-content-2262\" class=\"elementor-tab-content elementor-clearfix\" data-tab=\"2\" role=\"tabpanel\" aria-labelledby=\"elementor-tab-title-2262\" tabindex=\"0\" hidden=\"hidden\"><ul>\n<li>Erfolgreich abgeschlossene Ausbildung zum Chemielaboranten oder CTA sowie entsprechende Praxisorientierung (Schwerpunkt Organische Synthese).<\/li>\n<li>Erste Erfahrungen innerhalb eines Labors im Bereich organischer Chemie.<\/li>\n<li>Expertise mit synthetischen Standardverfahren (z. B. Umgang mit Schlenk-Line, Extraktion, Destillation, Kristallisation, etc.)<\/li>\n<li>Korrekte F\u00fchrung von Laborjournalen (elektronische Variante).<\/li>\n<li>Gutes technisches Verst\u00e4ndnis im Umgang mit analytischen Ger\u00e4ten (z.B. HPLC-MS, uHPLC-MS, GC-MS etc.).<\/li>\n<li>Analytische Denkweise sowie eine gute Beobachtungs- und Auffassungsgabe.<\/li>\n<li>Selbst\u00e4ndige und zuverl\u00e4ssige Arbeitsweise sowie proaktive Kommunikation innerhalb einer Arbeitsgruppe.<\/li>\n<li>Muttersprache Deutsch sowie fundierte Englischkenntnisse in Wort und Schrift.<\/li>\n<li>Souver\u00e4ner Umgang mit MS Office-Paket wird vorausgesetzt (Chemstation von Vorteil).<\/li>\n<li>Flexibilit\u00e4t, Zuverl\u00e4ssigkeit und eine hohen Motivation sowie Engagement runden Ihr Profil ab.<\/li>\n<\/ul>\n<\/div>\n\t\t\t\t\t\t\t\t\t<div class=\"elementor-tab-title elementor-tab-mobile-title\" aria-selected=\"false\" data-tab=\"3\" role=\"tab\" tabindex=\"-1\" aria-controls=\"elementor-tab-content-2263\" aria-expanded=\"false\">Unser Angebot<\/div>\n\t\t\t\t\t<div id=\"elementor-tab-content-2263\" class=\"elementor-tab-content elementor-clearfix\" data-tab=\"3\" role=\"tabpanel\" aria-labelledby=\"elementor-tab-title-2263\" tabindex=\"0\" hidden=\"hidden\"><p>Die Stelle ist zun\u00e4chst auf 1 Jahr befristet, bei entsprechender Eignung wird eine unbefristete \u00dcbernahme angestrebt.<\/p>\n<p>Die Arbeitszeit erfolgt in einem regelm\u00e4\u00dfig wechselnden Schichtdienst im 2-w\u00f6chentlichen Rhythmus (Montag bis Donnerstag von 07:30 Uhr \u2013 16:00 Uhr sowie 13:00 Uhr \u2013 21:30 Uhr und Freitag von 07:30 Uhr \u2013 16:00 Uhr sowie 11:00 Uhr \u2013 19:30 Uhr).<\/p>\n<p>Wir bieten Ihnen eine anspruchsvolle, vielseitige T\u00e4tigkeit in einer dynamischen, expandierenden Umgebung. Wenn Sie sich aktiv am weiteren Ausbau unserer Synthetischen Chemie Bereiches beteiligen wollen, freuen wir uns auf Ihre aussagekr\u00e4ftige Bewerbung unter Angabe Ihrer Gehaltsvorstellung und des fr\u00fchesten Eintrittstermins an\u00a0<a href=\"mailto:application@taros.de\">application@taros.de<\/a>. F\u00fcr eine vollst\u00e4ndige Bewerbung reichen Sie bitte zu Ihrem Anschreiben und Lebenslauf auch Arbeitgeber- sowie Abschlusszeugnisse ein.<\/p>\n<\/div>\n\t\t\t\t\t\t\t<\/div>\n\t\t<\/div>\n\t\t\t\t\t\t<\/div>\n\t\t\t\t<\/div>\n\t\t\t\t\t<\/div>\n\t\t<\/div>\n\t\t\t\t\t<\/div>\n\t\t<\/section>\n\t\t\t\t<section class=\"elementor-section elementor-top-section elementor-element elementor-element-c2f64a5 elementor-section-boxed elementor-section-height-default elementor-section-height-default\" data-id=\"c2f64a5\" data-element_type=\"section\" data-e-type=\"section\" data-settings=\"{&quot;background_background&quot;:&quot;classic&quot;}\">\n\t\t\t\t\t\t\t<div class=\"elementor-background-overlay\"><\/div>\n\t\t\t\t\t\t\t<div class=\"elementor-container elementor-column-gap-default\">\n\t\t\t\t\t<div class=\"elementor-column elementor-col-100 elementor-top-column elementor-element elementor-element-f771cab\" data-id=\"f771cab\" data-element_type=\"column\" data-e-type=\"column\">\n\t\t\t<div class=\"elementor-widget-wrap elementor-element-populated\">\n\t\t\t\t\t\t<div class=\"elementor-element elementor-element-12aaca4 elementor-widget elementor-widget-heading\" data-id=\"12aaca4\" data-element_type=\"widget\" data-e-type=\"widget\" data-widget_type=\"heading.default\">\n\t\t\t\t<div class=\"elementor-widget-container\">\n\t\t\t\t\t<h2 class=\"elementor-heading-title elementor-size-default\">M\u00f6chten Sie sich auf diese Stelle bewerben?<\/h2>\t\t\t\t<\/div>\n\t\t\t\t<\/div>\n\t\t\t\t<div class=\"elementor-element elementor-element-3fd141b elementor-align-center elementor-widget elementor-widget-button\" data-id=\"3fd141b\" data-element_type=\"widget\" data-e-type=\"widget\" data-widget_type=\"button.default\">\n\t\t\t\t<div class=\"elementor-widget-container\">\n\t\t\t\t\t\t\t\t\t<div class=\"elementor-button-wrapper\">\n\t\t\t\t\t<a class=\"elementor-button elementor-button-link elementor-size-sm\" href=\"mailto:application@taros.de\">\n\t\t\t\t\t\t<span class=\"elementor-button-content-wrapper\">\n\t\t\t\t\t\t\t\t\t<span class=\"elementor-button-text\">Bewerbund<\/span>\n\t\t\t\t\t<\/span>\n\t\t\t\t\t<\/a>\n\t\t\t\t<\/div>\n\t\t\t\t\t\t\t\t<\/div>\n\t\t\t\t<\/div>\n\t\t\t\t\t<\/div>\n\t\t<\/div>\n\t\t\t\t\t<\/div>\n\t\t<\/section>\n\t\t\t\t<section class=\"elementor-section elementor-top-section elementor-element elementor-element-470b909 elementor-section-boxed elementor-section-height-default elementor-section-height-default\" data-id=\"470b909\" data-element_type=\"section\" data-e-type=\"section\">\n\t\t\t\t\t\t<div class=\"elementor-container elementor-column-gap-default\">\n\t\t\t\t\t<div class=\"elementor-column elementor-col-100 elementor-top-column elementor-element elementor-element-8b527fd\" data-id=\"8b527fd\" data-element_type=\"column\" data-e-type=\"column\">\n\t\t\t<div class=\"elementor-widget-wrap elementor-element-populated\">\n\t\t\t\t\t\t<section class=\"elementor-section elementor-inner-section elementor-element elementor-element-34645df elementor-section-boxed elementor-section-height-default elementor-section-height-default\" data-id=\"34645df\" data-element_type=\"section\" data-e-type=\"section\">\n\t\t\t\t\t\t<div class=\"elementor-container elementor-column-gap-default\">\n\t\t\t\t\t<div class=\"elementor-column elementor-col-33 elementor-inner-column elementor-element elementor-element-0e72c76 elementor-invisible\" data-id=\"0e72c76\" data-element_type=\"column\" data-e-type=\"column\" data-settings=\"{&quot;animation&quot;:&quot;fadeInUp&quot;}\">\n\t\t\t<div class=\"elementor-widget-wrap elementor-element-populated\">\n\t\t\t\t\t\t<div class=\"elementor-element elementor-element-f0da979 elementor-widget elementor-widget-image\" data-id=\"f0da979\" data-element_type=\"widget\" data-e-type=\"widget\" data-widget_type=\"image.default\">\n\t\t\t\t<div class=\"elementor-widget-container\">\n\t\t\t\t\t\t\t\t\t\t\t\t\t\t\t<img fetchpriority=\"high\" decoding=\"async\" width=\"480\" height=\"350\" src=\"https:\/\/www.tarosdiscovery.com\/wp-content\/uploads\/2024\/01\/research-chemists-3-jpg.webp\" class=\"attachment-full size-full wp-image-2821\" alt=\"\" srcset=\"https:\/\/www.tarosdiscovery.com\/wp-content\/uploads\/2024\/01\/research-chemists-3-jpg.webp 480w, https:\/\/www.tarosdiscovery.com\/wp-content\/uploads\/2024\/01\/research-chemists-3-300x219.webp 300w\" sizes=\"(max-width: 480px) 100vw, 480px\" \/>\t\t\t\t\t\t\t\t\t\t\t\t\t\t\t<\/div>\n\t\t\t\t<\/div>\n\t\t\t\t<div class=\"elementor-element elementor-element-c741307 elementor-widget elementor-widget-text-editor\" data-id=\"c741307\" data-element_type=\"widget\" data-e-type=\"widget\" data-widget_type=\"text-editor.default\">\n\t\t\t\t<div class=\"elementor-widget-container\">\n\t\t\t\t\t\t\t\t\t<p>Weitere interessante Job<\/p>\n\t\t\t\t\t\t\t\t<\/div>\n\t\t\t\t<\/div>\n\t\t\t\t<div class=\"elementor-element elementor-element-84a4936 elementor-widget elementor-widget-heading\" data-id=\"84a4936\" data-element_type=\"widget\" data-e-type=\"widget\" data-widget_type=\"heading.default\">\n\t\t\t\t<div class=\"elementor-widget-container\">\n\t\t\t\t\t<h3 class=\"elementor-heading-title elementor-size-default\">Stellenausschreibungen<\/h3>\t\t\t\t<\/div>\n\t\t\t\t<\/div>\n\t\t\t\t<div class=\"elementor-element elementor-element-964891a elementor-widget elementor-widget-text-editor\" data-id=\"964891a\" data-element_type=\"widget\" data-e-type=\"widget\" data-widget_type=\"text-editor.default\">\n\t\t\t\t<div class=\"elementor-widget-container\">\n\t\t\t\t\t\t\t\t\t<p>Wir suchen au\u00dfergew\u00f6hnlich begabte Personen aus allen Kulturkreisen und Nationalit\u00e4ten (13 Nationalit\u00e4ten im Unternehmen) f\u00fcr die folgenden Positionen&#8230;<\/p>\n\t\t\t\t\t\t\t\t<\/div>\n\t\t\t\t<\/div>\n\t\t\t\t<div class=\"elementor-element elementor-element-19e0021 elementor-widget elementor-widget-button\" data-id=\"19e0021\" data-element_type=\"widget\" data-e-type=\"widget\" data-widget_type=\"button.default\">\n\t\t\t\t<div class=\"elementor-widget-container\">\n\t\t\t\t\t\t\t\t\t<div class=\"elementor-button-wrapper\">\n\t\t\t\t\t<a class=\"elementor-button elementor-button-link elementor-size-sm\" href=\"https:\/\/www.tarosdiscovery.com\/de\/karriere\/stellenausschreibungen\/\">\n\t\t\t\t\t\t<span class=\"elementor-button-content-wrapper\">\n\t\t\t\t\t\t\t\t\t<span class=\"elementor-button-text\">Weiterlesen<\/span>\n\t\t\t\t\t<\/span>\n\t\t\t\t\t<\/a>\n\t\t\t\t<\/div>\n\t\t\t\t\t\t\t\t<\/div>\n\t\t\t\t<\/div>\n\t\t\t\t\t<\/div>\n\t\t<\/div>\n\t\t\t\t<div class=\"elementor-column elementor-col-33 elementor-inner-column elementor-element elementor-element-01bbd51 elementor-invisible\" data-id=\"01bbd51\" data-element_type=\"column\" data-e-type=\"column\" data-settings=\"{&quot;animation&quot;:&quot;fadeInLeft&quot;}\">\n\t\t\t<div class=\"elementor-widget-wrap elementor-element-populated\">\n\t\t\t\t\t\t<div class=\"elementor-element elementor-element-5007209 elementor-widget elementor-widget-image\" data-id=\"5007209\" data-element_type=\"widget\" data-e-type=\"widget\" data-widget_type=\"image.default\">\n\t\t\t\t<div class=\"elementor-widget-container\">\n\t\t\t\t\t\t\t\t\t\t\t\t\t\t\t<img decoding=\"async\" width=\"480\" height=\"350\" src=\"https:\/\/www.tarosdiscovery.com\/wp-content\/uploads\/2024\/01\/effice-philosophy-jpg.webp\" class=\"attachment-full size-full wp-image-2820\" alt=\"\" srcset=\"https:\/\/www.tarosdiscovery.com\/wp-content\/uploads\/2024\/01\/effice-philosophy-jpg.webp 480w, https:\/\/www.tarosdiscovery.com\/wp-content\/uploads\/2024\/01\/effice-philosophy-300x219.webp 300w\" sizes=\"(max-width: 480px) 100vw, 480px\" \/>\t\t\t\t\t\t\t\t\t\t\t\t\t\t\t<\/div>\n\t\t\t\t<\/div>\n\t\t\t\t<div class=\"elementor-element elementor-element-47e5922 elementor-widget elementor-widget-text-editor\" data-id=\"47e5922\" data-element_type=\"widget\" data-e-type=\"widget\" data-widget_type=\"text-editor.default\">\n\t\t\t\t<div class=\"elementor-widget-container\">\n\t\t\t\t\t\t\t\t\t<p>Unsere Philosophie<\/p>\n\t\t\t\t\t\t\t\t<\/div>\n\t\t\t\t<\/div>\n\t\t\t\t<div class=\"elementor-element elementor-element-6009e8e elementor-widget elementor-widget-heading\" data-id=\"6009e8e\" data-element_type=\"widget\" data-e-type=\"widget\" data-widget_type=\"heading.default\">\n\t\t\t\t<div class=\"elementor-widget-container\">\n\t\t\t\t\t<h3 class=\"elementor-heading-title elementor-size-default\">Sich uns anschlie\u00dfen<\/h3>\t\t\t\t<\/div>\n\t\t\t\t<\/div>\n\t\t\t\t<div class=\"elementor-element elementor-element-f97f41b elementor-widget elementor-widget-text-editor\" data-id=\"f97f41b\" data-element_type=\"widget\" data-e-type=\"widget\" data-widget_type=\"text-editor.default\">\n\t\t\t\t<div class=\"elementor-widget-container\">\n\t\t\t\t\t\t\t\t\t<p>Eine Stelle bei Taros ist anders als alles, was Sie bisher erlebt haben. Unsere Arbeit ist spannend, herausfordernd und innovativ und erfordert hervorragende F\u00e4higkeiten und Kompetenzen&#8230;<\/p>\n\t\t\t\t\t\t\t\t<\/div>\n\t\t\t\t<\/div>\n\t\t\t\t<div class=\"elementor-element elementor-element-0375013 elementor-widget elementor-widget-button\" data-id=\"0375013\" data-element_type=\"widget\" data-e-type=\"widget\" data-widget_type=\"button.default\">\n\t\t\t\t<div class=\"elementor-widget-container\">\n\t\t\t\t\t\t\t\t\t<div class=\"elementor-button-wrapper\">\n\t\t\t\t\t<a class=\"elementor-button elementor-button-link elementor-size-sm\" href=\"https:\/\/www.tarosdiscovery.com\/de\/karriere\/\">\n\t\t\t\t\t\t<span class=\"elementor-button-content-wrapper\">\n\t\t\t\t\t\t\t\t\t<span class=\"elementor-button-text\">Weiterlesen<\/span>\n\t\t\t\t\t<\/span>\n\t\t\t\t\t<\/a>\n\t\t\t\t<\/div>\n\t\t\t\t\t\t\t\t<\/div>\n\t\t\t\t<\/div>\n\t\t\t\t\t<\/div>\n\t\t<\/div>\n\t\t\t\t<div class=\"elementor-column elementor-col-33 elementor-inner-column elementor-element elementor-element-20fe966 elementor-invisible\" data-id=\"20fe966\" data-element_type=\"column\" data-e-type=\"column\" data-settings=\"{&quot;background_background&quot;:&quot;classic&quot;,&quot;animation&quot;:&quot;fadeInRight&quot;}\">\n\t\t\t<div class=\"elementor-widget-wrap elementor-element-populated\">\n\t\t\t\t\t\t<div class=\"elementor-element elementor-element-59a3929 elementor-widget elementor-widget-image\" data-id=\"59a3929\" data-element_type=\"widget\" data-e-type=\"widget\" data-widget_type=\"image.default\">\n\t\t\t\t<div class=\"elementor-widget-container\">\n\t\t\t\t\t\t\t\t\t\t\t\t\t\t\t<img decoding=\"async\" width=\"768\" height=\"320\" src=\"https:\/\/www.tarosdiscovery.com\/wp-content\/uploads\/2023\/12\/startseite-firstbanner-jpg.webp\" class=\"attachment-full size-full wp-image-2728\" alt=\"\" srcset=\"https:\/\/www.tarosdiscovery.com\/wp-content\/uploads\/2023\/12\/startseite-firstbanner-jpg.webp 768w, https:\/\/www.tarosdiscovery.com\/wp-content\/uploads\/2023\/12\/startseite-firstbanner-300x125.webp 300w\" sizes=\"(max-width: 768px) 100vw, 768px\" \/>\t\t\t\t\t\t\t\t\t\t\t\t\t\t\t<\/div>\n\t\t\t\t<\/div>\n\t\t\t\t<div class=\"elementor-element elementor-element-8e5787e elementor-widget elementor-widget-heading\" data-id=\"8e5787e\" data-element_type=\"widget\" data-e-type=\"widget\" data-widget_type=\"heading.default\">\n\t\t\t\t<div class=\"elementor-widget-container\">\n\t\t\t\t\t<h3 class=\"elementor-heading-title elementor-size-default\">Interessiert?<\/h3>\t\t\t\t<\/div>\n\t\t\t\t<\/div>\n\t\t\t\t<div class=\"elementor-element elementor-element-89d330b elementor-widget elementor-widget-heading\" data-id=\"89d330b\" data-element_type=\"widget\" data-e-type=\"widget\" data-widget_type=\"heading.default\">\n\t\t\t\t<div class=\"elementor-widget-container\">\n\t\t\t\t\t<h3 class=\"elementor-heading-title elementor-size-default\">Als ein europaweit f\u00fchrendes und unabh\u00e4ngiges Auftragsforschungsunternehmen (CRO) bieten wir Ihnen das gesamte Spektrum der (metall)organischen Synthesechemie.<\/h3>\t\t\t\t<\/div>\n\t\t\t\t<\/div>\n\t\t\t\t<div class=\"elementor-element elementor-element-c35a0f8 elementor-widget elementor-widget-text-editor\" data-id=\"c35a0f8\" data-element_type=\"widget\" data-e-type=\"widget\" data-widget_type=\"text-editor.default\">\n\t\t\t\t<div class=\"elementor-widget-container\">\n\t\t\t\t\t\t\t\t\t<p>Wir praktizieren einen pragmatischen sowie kundenorientierten Ansatz, um die Erwartungen an uns trotz h\u00f6chster Herausforderungen zu \u00fcbertreffen. Unsere erfahrenen Chemiker sind geschult, wirtschaftliche, \u00f6kologische sowie sicherheitstechnische Bedingungen f\u00fcr alle Phasen des Projekts zu evaluieren.<\/p>\n\t\t\t\t\t\t\t\t<\/div>\n\t\t\t\t<\/div>\n\t\t\t\t<div class=\"elementor-element elementor-element-317efef elementor-align-justify elementor-widget elementor-widget-button\" data-id=\"317efef\" data-element_type=\"widget\" data-e-type=\"widget\" data-widget_type=\"button.default\">\n\t\t\t\t<div class=\"elementor-widget-container\">\n\t\t\t\t\t\t\t\t\t<div class=\"elementor-button-wrapper\">\n\t\t\t\t\t<a class=\"elementor-button elementor-button-link elementor-size-sm\" href=\"https:\/\/www.tarosdiscovery.com\/de\/kontakt\/\">\n\t\t\t\t\t\t<span class=\"elementor-button-content-wrapper\">\n\t\t\t\t\t\t\t\t\t<span class=\"elementor-button-text\">Kontakt<\/span>\n\t\t\t\t\t<\/span>\n\t\t\t\t\t<\/a>\n\t\t\t\t<\/div>\n\t\t\t\t\t\t\t\t<\/div>\n\t\t\t\t<\/div>\n\t\t\t\t\t<\/div>\n\t\t<\/div>\n\t\t\t\t\t<\/div>\n\t\t<\/section>\n\t\t\t\t\t<\/div>\n\t\t<\/div>\n\t\t\t\t\t<\/div>\n\t\t<\/section>\n\t\t\t\t<\/div>\n\t\t","protected":false},"excerpt":{"rendered":"<p>Chemielaborant\/-in Job Profil und Aufgaben Unsere Erwartungen an Ihr Profil Unser Angebot Job Profil und Aufgaben Selbst\u00e4ndige Planung und Durchf\u00fchrung von synthetischen Standardverfahren unter der Anleitung eines erfahrenen Laborleiters Dokumentation und Protokollierung von synthetischen Verfahren sowie Analysedaten Qualifizierung und \u00dcberwachung der Laborger\u00e4te sowie allgemeine Labort\u00e4tigkeiten Unterst\u00fctzung bei der Erstellung von Pl\u00e4nen, Berichten und Standardarbeitsanweisungen (SOP) [&hellip;]<\/p>\n","protected":false},"author":1,"featured_media":0,"parent":3704,"menu_order":0,"comment_status":"closed","ping_status":"closed","template":"","meta":{"site-sidebar-layout":"no-sidebar","site-content-layout":"","ast-site-content-layout":"full-width-container","site-content-style":"default","site-sidebar-style":"default","ast-global-header-display":"","ast-banner-title-visibility":"","ast-main-header-display":"","ast-hfb-above-header-display":"","ast-hfb-below-header-display":"","ast-hfb-mobile-header-display":"","site-post-title":"disabled","ast-breadcrumbs-content":"","ast-featured-img":"disabled","footer-sml-layout":"","theme-transparent-header-meta":"default","adv-header-id-meta":"","stick-header-meta":"","header-above-stick-meta":"","header-main-stick-meta":"","header-below-stick-meta":"","astra-migrate-meta-layouts":"default","ast-page-background-enabled":"default","ast-page-background-meta":{"desktop":{"background-color":"var(--ast-global-color-4)","background-image":"","background-repeat":"repeat","background-position":"center center","background-size":"auto","background-attachment":"scroll","background-type":"","background-media":"","overlay-type":"","overlay-color":"","overlay-opacity":"","overlay-gradient":""},"tablet":{"background-color":"","background-image":"","background-repeat":"repeat","background-position":"center center","background-size":"auto","background-attachment":"scroll","background-type":"","background-media":"","overlay-type":"","overlay-color":"","overlay-opacity":"","overlay-gradient":""},"mobile":{"background-color":"","background-image":"","background-repeat":"repeat","background-position":"center center","background-size":"auto","background-attachment":"scroll","background-type":"","background-media":"","overlay-type":"","overlay-color":"","overlay-opacity":"","overlay-gradient":""}},"ast-content-background-meta":{"desktop":{"background-color":"var(--ast-global-color-5)","background-image":"","background-repeat":"repeat","background-position":"center center","background-size":"auto","background-attachment":"scroll","background-type":"","background-media":"","overlay-type":"","overlay-color":"","overlay-opacity":"","overlay-gradient":""},"tablet":{"background-color":"var(--ast-global-color-5)","background-image":"","background-repeat":"repeat","background-position":"center center","background-size":"auto","background-attachment":"scroll","background-type":"","background-media":"","overlay-type":"","overlay-color":"","overlay-opacity":"","overlay-gradient":""},"mobile":{"background-color":"var(--ast-global-color-5)","background-image":"","background-repeat":"repeat","background-position":"center center","background-size":"auto","background-attachment":"scroll","background-type":"","background-media":"","overlay-type":"","overlay-color":"","overlay-opacity":"","overlay-gradient":""}},"footnotes":""},"class_list":["post-3710","page","type-page","status-publish","hentry"],"_links":{"self":[{"href":"https:\/\/www.tarosdiscovery.com\/de\/wp-json\/wp\/v2\/pages\/3710","targetHints":{"allow":["GET"]}}],"collection":[{"href":"https:\/\/www.tarosdiscovery.com\/de\/wp-json\/wp\/v2\/pages"}],"about":[{"href":"https:\/\/www.tarosdiscovery.com\/de\/wp-json\/wp\/v2\/types\/page"}],"author":[{"embeddable":true,"href":"https:\/\/www.tarosdiscovery.com\/de\/wp-json\/wp\/v2\/users\/1"}],"replies":[{"embeddable":true,"href":"https:\/\/www.tarosdiscovery.com\/de\/wp-json\/wp\/v2\/comments?post=3710"}],"version-history":[{"count":0,"href":"https:\/\/www.tarosdiscovery.com\/de\/wp-json\/wp\/v2\/pages\/3710\/revisions"}],"up":[{"embeddable":true,"href":"https:\/\/www.tarosdiscovery.com\/de\/wp-json\/wp\/v2\/pages\/3704"}],"wp:attachment":[{"href":"https:\/\/www.tarosdiscovery.com\/de\/wp-json\/wp\/v2\/media?parent=3710"}],"curies":[{"name":"wp","href":"https:\/\/api.w.org\/{rel}","templated":true}]}}