{"id":3700,"date":"2023-12-18T12:32:36","date_gmt":"2023-12-18T11:32:36","guid":{"rendered":"https:\/\/www.tarosdiscovery.com\/karriere\/phd-training\/"},"modified":"2024-01-20T17:09:41","modified_gmt":"2024-01-20T16:09:41","slug":"phd-training","status":"publish","type":"page","link":"https:\/\/www.tarosdiscovery.com\/de\/kerriere\/phd-training\/","title":{"rendered":"PhD Training"},"content":{"rendered":"<h1>PhD Training Networks<\/h1>\n<h2>Innovative\/Europ\u00e4ische Ausbildungsnetze f\u00fcr eine industrielle Doktorandenausbildung<\/h2>\n<p>Das \u00fcbergeordnete Ziel besteht darin, eine neue Generation kreativer, unternehmerischer und innovativer Nachwuchsforscher auszubilden, die in der Lage sind, aktuelle und k\u00fcnftige Herausforderungen zu bew\u00e4ltigen und Wissen und Ideen in Produkte und Dienstleistungen zum wirtschaftlichen und gesellschaftlichen Nutzen umzusetzen. Bei Taros haben wir uns erfolgreich um mehrere Zusch\u00fcsse f\u00fcr Europ\u00e4ische Ausbildungsnetze\/Innovative Ausbildungsnetze beworben und damit Studenten aus verschiedenen europ\u00e4ischen L\u00e4ndern die M\u00f6glichkeit geboten, ihre Doktorarbeit in einem hochprofessionellen und industriellen Umfeld durchzuf\u00fchren. Diese Projekte werden durch die Horizont 2020 Marie Sk\u0142odowska-Curie-Ma\u00dfnahmen der Europ\u00e4ischen Kommission unterst\u00fctzt.<\/p>\n<p>\t\t\t\t\t\t\t\t\t\t\t\t\t\t\t<img fetchpriority=\"high\" decoding=\"async\" width=\"440\" height=\"460\" src=\"https:\/\/www.tarosdiscovery.com\/wp-content\/uploads\/2023\/12\/1-jpg.webp\" alt=\"Technotrain scientists in laboratory\" srcset=\"https:\/\/www.tarosdiscovery.com\/wp-content\/uploads\/2023\/12\/1-jpg.webp 440w, https:\/\/www.tarosdiscovery.com\/wp-content\/uploads\/2023\/12\/1-287x300.webp 287w\" sizes=\"(max-width: 440px) 100vw, 440px\" data-has-transparency=\"false\" data-dominant-color=\"908570\" style=\"--dominant-color: #908570\" \/>\t\t\t\t\t\t\t\t\t\t\t\t\t\t\t<\/p>\n<h3>Technotrain<\/h3>\n<p>Technotrain &#8211; Enabling TECHNOlogies-driven chemistry: ein ma\u00dfgeschneidertes TRAINing-Forschungsprogramm f\u00fcr die Batch- und Flie\u00dfsynthese von chiralen Aminoderivaten. Das Projekt startete im November 2018 als finanziertes MSCA-Projekt (Marie Sklodowska Curie Actions) im Rahmen des ITN-European Industrial Doctorate (H2020-MSCA-ITN-2018 Grant Agreement n. 812944). Das Hauptziel ist es, eine Ausbildungsplattform f\u00fcr junge europ\u00e4ische Forscher zu schaffen, die ihnen einen tiefen und breiten \u00dcberblick \u00fcber den wissenschaftlichen Industriebereich verschaffen kann. Zu diesem Zweck haben Taros Chemicals und die Gruppe von Prof. Benaglia von der Universit\u00e1 degli Studi di Milano eine eins-zu-eins-Partnerschaft zwischen Industrie und Wissenschaft ins Leben gerufen, in der diese jungen europ\u00e4ischen Forscher ein Arbeitsumfeld erleben k\u00f6nnen, das auf Kreativit\u00e4t, Flexibilit\u00e4t und Genauigkeit basiert, wie es f\u00fcr die akademische Forschung charakteristisch ist, jedoch mit einem industriellen Schwerpunkt. Ein wichtiges wissenschaftliches Ziel von Technotrain ist die Anwendung moderner Technologien (3D-gedruckte Mikroreaktoren, Str\u00f6mungschemie, Ans\u00e4tze der gr\u00fcnen Chemie usw.) bei der Entwicklung allgemeiner, reproduzierbarer und rentabler stereoselektiver, katalytischer Methoden, die f\u00fcr die industrielle Produktion enantiomerenreiner, funktionalisierter Aminderivate mit quatern\u00e4ren Stereozentren geeignet sind. Taros Chemicals, ein f\u00fchrendes europ\u00e4isches Chemie-CRO, wird sein umfassendes Fachwissen im Bereich der Auftragssynthese, der Versuchsplanung und der Prozessentwicklung einsetzen, um sich auf die Schaffung und Anwendbarkeit von Bedingungen f\u00fcr die Flie\u00dfchemie zu konzentrieren, um die Rentabilit\u00e4t der gew\u00e4hlten enantioselektiven Methodik zu verbessern. Definierte Targets, die f\u00fcr die pharmazeutische Industrie und die Industrie f\u00fcr neue Materialien relevant sind, werden ausgew\u00e4hlt, um die oben genannten Methoden anzuwenden und stereoselektive, katalytische Synthesebeispiele zu generieren, nicht nur als Konzeptnachweis, sondern auch als Basiswissen f\u00fcr die Erweiterung auf zuk\u00fcnftige Technologien.<br \/>\nWeitere Informationen unter http:\/\/www.technotrain-itn.eu\/<\/p>\n<h3>TASPPI<\/h3>\n<p>TASPPI (Targeted small-molecule Stabilisation of Protein-Protein Interactions) ist ein Paradebeispiel f\u00fcr ein Konsortium, in dem sowohl die akademischen Partner (die innovative Ideen und ein geringes Risiko durch fundierte Grundlagenforschung liefern) als auch die Industrie (die hochentwickelte Verfahren zur Entdeckung von Arzneimitteln bereitstellt) zusammenarbeiten, um Nachwuchswissenschaftler in der Anwendung einer Spitzentechnologie an der Schnittstelle zwischen akademischer und industrieller Forschung auszubilden und zu f\u00f6rdern, die ihre k\u00fcnftigen Karrierechancen sichern wird. Dieses europ\u00e4ische Ausbildungsnetz wird die jungen Wissenschaftler in verschiedenen wissenschaftlichen Disziplinen wie Strukturbiologie, chemische Biologie, medizinische Chemie, biophysikalische, biochemische und zellul\u00e4re Analysen sowie Pharmakologie ausbilden. Langfristiges wissenschaftliches Ziel ist es, einen Paradigmenwechsel in der Arzneimittelentwicklung einzuleiten, indem die Entwicklung von Inhibitoren von aktiven Stellen und Protein-Protein-Interaktionen (PPI) durch kleine Molek\u00fcle erg\u00e4nzt wird, die diese PPIs stabilisieren. Diese Arbeit wird vom Initial Training Network unterst\u00fctzt, das von den Horizon 2020 Marie Sk\u0142odowska-Curie Actions der Europ\u00e4ischen Kommission unter Grant Agreement 675179 finanziert wird.<br \/>\nWeitere Informationen unter http:\/\/tasppi.eu\/<\/p>\n<p>\t\t\t\t\t\t\t\t\t\t\t\t\t\t\t<img decoding=\"async\" width=\"440\" height=\"460\" src=\"https:\/\/www.tarosdiscovery.com\/wp-content\/uploads\/2023\/12\/tasppi-mol-glue2-jpg.webp\" alt=\"\" srcset=\"https:\/\/www.tarosdiscovery.com\/wp-content\/uploads\/2023\/12\/tasppi-mol-glue2-jpg.webp 440w, https:\/\/www.tarosdiscovery.com\/wp-content\/uploads\/2023\/12\/tasppi-mol-glue2-287x300.webp 287w\" sizes=\"(max-width: 440px) 100vw, 440px\" data-has-transparency=\"false\" data-dominant-color=\"dee6e1\" style=\"--dominant-color: #dee6e1\" \/>\t\t\t\t\t\t\t\t\t\t\t\t\t\t\t<\/p>\n<h2>Haben Sie noch Fragen?<\/h2>\n<p>\t\t\t<a href=\"mailto:hr@taros.de\"><br \/>\n\t\t\t\t\t\tKontakt<br \/>\n\t\t\t\t\t<\/a><br \/>\n\t\t\t\t\t\t\t\t\t\t\t\t\t\t\t<img decoding=\"async\" width=\"480\" height=\"350\" src=\"https:\/\/www.tarosdiscovery.com\/wp-content\/uploads\/2023\/12\/rawpixel-973106-unsplash-1-jpg.webp\" alt=\"drug discovery chemistry for clinical candidate selection\" srcset=\"https:\/\/www.tarosdiscovery.com\/wp-content\/uploads\/2023\/12\/rawpixel-973106-unsplash-1-jpg.webp 480w, https:\/\/www.tarosdiscovery.com\/wp-content\/uploads\/2023\/12\/rawpixel-973106-unsplash-1-300x219.webp 300w\" sizes=\"(max-width: 480px) 100vw, 480px\" data-has-transparency=\"false\" data-dominant-color=\"a88783\" style=\"--dominant-color: #a88783\" \/>\t\t\t\t\t\t\t\t\t\t\t\t\t\t\t<\/p>\n<p>Medizinalchemie<\/p>\n<h3>Wirkstoffforschung<\/h3>\n<p>Das internationale Team von Taros verf\u00fcgt kombiniert \u00fcber mehr als 180 Jahre Erfahrung in der pharmazeutischen F&amp;E. Als Team haben wir an mehr als 120 biomolekularen\u2026<\/p>\n<p>\t\t\t<a href=\"https:\/\/www.tarosdiscovery.com\/de\/wirkstoffforschung\/\"><br \/>\n\t\t\t\t\t\tWeiterlesen<br \/>\n\t\t\t\t\t<\/a><br \/>\n\t\t\t\t\t\t\t\t\t\t\t\t\t\t\t<img loading=\"lazy\" decoding=\"async\" width=\"480\" height=\"350\" src=\"https:\/\/www.tarosdiscovery.com\/wp-content\/uploads\/2023\/12\/jj-ying-236821-unsplash-1-jpg.webp\" alt=\"\" srcset=\"https:\/\/www.tarosdiscovery.com\/wp-content\/uploads\/2023\/12\/jj-ying-236821-unsplash-1-jpg.webp 480w, https:\/\/www.tarosdiscovery.com\/wp-content\/uploads\/2023\/12\/jj-ying-236821-unsplash-1-300x219.webp 300w\" sizes=\"(max-width: 480px) 100vw, 480px\" data-has-transparency=\"false\" data-dominant-color=\"e1dfe0\" style=\"--dominant-color: #e1dfe0\" \/>\t\t\t\t\t\t\t\t\t\t\t\t\t\t\t<\/p>\n<p>Performance Chemicals<\/p>\n<h3>Materialwissenschaft<\/h3>\n<p>Wir entwickeln mit Ihnen Performance Chemicals zur Verbesserung Ihrer Materialien, Kunststoffe, Beschichtungen, Farbstoffe und Druckfarben\u2026<\/p>\n<p>\t\t\t<a href=\"https:\/\/www.tarosdiscovery.com\/de\/materialwissenschaft\/\"><br \/>\n\t\t\t\t\t\tWeiterlesen<br \/>\n\t\t\t\t\t<\/a><br \/>\n\t\t\t\t\t\t\t\t\t\t\t\t\t\t\t<img loading=\"lazy\" decoding=\"async\" width=\"768\" height=\"320\" src=\"https:\/\/www.tarosdiscovery.com\/wp-content\/uploads\/2023\/12\/startseite-firstbanner-jpg.webp\" alt=\"\" srcset=\"https:\/\/www.tarosdiscovery.com\/wp-content\/uploads\/2023\/12\/startseite-firstbanner-jpg.webp 768w, https:\/\/www.tarosdiscovery.com\/wp-content\/uploads\/2023\/12\/startseite-firstbanner-300x125.webp 300w\" sizes=\"(max-width: 768px) 100vw, 768px\" data-has-transparency=\"false\" data-dominant-color=\"1b5c93\" style=\"--dominant-color: #1b5c93\" \/>\t\t\t\t\t\t\t\t\t\t\t\t\t\t\t<\/p>\n<h3>Interessiert?<\/h3>\n<h3>Als ein europaweit f\u00fchrendes und unabh\u00e4ngiges Auftragsforschungsunternehmen (CRO) bieten wir Ihnen das gesamte Spektrum der (metall)organischen Synthesechemie.<\/h3>\n<p>Wir praktizieren einen pragmatischen sowie kundenorientierten Ansatz, um die Erwartungen an uns trotz h\u00f6chster Herausforderungen zu \u00fcbertreffen. Unsere erfahrenen Chemiker sind geschult, wirtschaftliche, \u00f6kologische sowie sicherheitstechnische Bedingungen f\u00fcr alle Phasen des Projekts zu evaluieren.<\/p>\n<p>\t\t\t<a href=\"https:\/\/www.tarosdiscovery.com\/de\/kontakt\/\"><br \/>\n\t\t\t\t\t\tKontakt<br \/>\n\t\t\t\t\t<\/a><\/p>\n","protected":false},"excerpt":{"rendered":"<p>PhD Training Networks Innovative\/Europ\u00e4ische Ausbildungsnetze f\u00fcr eine industrielle Doktorandenausbildung Das \u00fcbergeordnete Ziel besteht darin, eine neue Generation kreativer, unternehmerischer und innovativer Nachwuchsforscher auszubilden, die in der Lage sind, aktuelle und k\u00fcnftige Herausforderungen zu bew\u00e4ltigen und Wissen und Ideen in Produkte und Dienstleistungen zum wirtschaftlichen und gesellschaftlichen Nutzen umzusetzen. Bei Taros haben wir uns erfolgreich um [&hellip;]<\/p>\n","protected":false},"author":1,"featured_media":0,"parent":2859,"menu_order":0,"comment_status":"closed","ping_status":"closed","template":"","meta":{"site-sidebar-layout":"no-sidebar","site-content-layout":"","ast-site-content-layout":"full-width-container","site-content-style":"default","site-sidebar-style":"default","ast-global-header-display":"","ast-banner-title-visibility":"","ast-main-header-display":"","ast-hfb-above-header-display":"","ast-hfb-below-header-display":"","ast-hfb-mobile-header-display":"","site-post-title":"disabled","ast-breadcrumbs-content":"","ast-featured-img":"disabled","footer-sml-layout":"","theme-transparent-header-meta":"default","adv-header-id-meta":"","stick-header-meta":"","header-above-stick-meta":"","header-main-stick-meta":"","header-below-stick-meta":"","astra-migrate-meta-layouts":"default","ast-page-background-enabled":"default","ast-page-background-meta":{"desktop":{"background-color":"var(--ast-global-color-4)","background-image":"","background-repeat":"repeat","background-position":"center center","background-size":"auto","background-attachment":"scroll","background-type":"","background-media":"","overlay-type":"","overlay-color":"","overlay-opacity":"","overlay-gradient":""},"tablet":{"background-color":"","background-image":"","background-repeat":"repeat","background-position":"center center","background-size":"auto","background-attachment":"scroll","background-type":"","background-media":"","overlay-type":"","overlay-color":"","overlay-opacity":"","overlay-gradient":""},"mobile":{"background-color":"","background-image":"","background-repeat":"repeat","background-position":"center center","background-size":"auto","background-attachment":"scroll","background-type":"","background-media":"","overlay-type":"","overlay-color":"","overlay-opacity":"","overlay-gradient":""}},"ast-content-background-meta":{"desktop":{"background-color":"var(--ast-global-color-5)","background-image":"","background-repeat":"repeat","background-position":"center center","background-size":"auto","background-attachment":"scroll","background-type":"","background-media":"","overlay-type":"","overlay-color":"","overlay-opacity":"","overlay-gradient":""},"tablet":{"background-color":"var(--ast-global-color-5)","background-image":"","background-repeat":"repeat","background-position":"center center","background-size":"auto","background-attachment":"scroll","background-type":"","background-media":"","overlay-type":"","overlay-color":"","overlay-opacity":"","overlay-gradient":""},"mobile":{"background-color":"var(--ast-global-color-5)","background-image":"","background-repeat":"repeat","background-position":"center center","background-size":"auto","background-attachment":"scroll","background-type":"","background-media":"","overlay-type":"","overlay-color":"","overlay-opacity":"","overlay-gradient":""}},"footnotes":""},"class_list":["post-3700","page","type-page","status-publish","hentry"],"_links":{"self":[{"href":"https:\/\/www.tarosdiscovery.com\/de\/wp-json\/wp\/v2\/pages\/3700","targetHints":{"allow":["GET"]}}],"collection":[{"href":"https:\/\/www.tarosdiscovery.com\/de\/wp-json\/wp\/v2\/pages"}],"about":[{"href":"https:\/\/www.tarosdiscovery.com\/de\/wp-json\/wp\/v2\/types\/page"}],"author":[{"embeddable":true,"href":"https:\/\/www.tarosdiscovery.com\/de\/wp-json\/wp\/v2\/users\/1"}],"replies":[{"embeddable":true,"href":"https:\/\/www.tarosdiscovery.com\/de\/wp-json\/wp\/v2\/comments?post=3700"}],"version-history":[{"count":0,"href":"https:\/\/www.tarosdiscovery.com\/de\/wp-json\/wp\/v2\/pages\/3700\/revisions"}],"up":[{"embeddable":true,"href":"https:\/\/www.tarosdiscovery.com\/de\/wp-json\/wp\/v2\/pages\/2859"}],"wp:attachment":[{"href":"https:\/\/www.tarosdiscovery.com\/de\/wp-json\/wp\/v2\/media?parent=3700"}],"curies":[{"name":"wp","href":"https:\/\/api.w.org\/{rel}","templated":true}]}}