{"id":3673,"date":"2023-12-18T12:26:41","date_gmt":"2023-12-18T11:26:41","guid":{"rendered":"https:\/\/www.tarosdiscovery.com\/wirkstoffforschung\/computerchemie-und-molekulare-modellierung\/"},"modified":"2024-02-13T18:21:11","modified_gmt":"2024-02-13T17:21:11","slug":"computerchemie-und-molekulare-modellierung","status":"publish","type":"page","link":"https:\/\/www.tarosdiscovery.com\/de\/wirkstoffforschung\/computerchemie-und-molekulare-modellierung\/","title":{"rendered":"Computerchemie und Molekulare Modellierung"},"content":{"rendered":"<h1>Computerchemie und Molekulare Modellierung<\/h1>\n<h2>Cheminformatik, virtuelles Screening &#038; molekulare Modellierung<\/h2>\n<p>Mit unserer Gruppe f\u00fcr Computerchemie stehen Ihnen fundierte Kenntnisse in den Bereichen Chemo- und Bioinformatik, virtuelles Screening und molekulare Modellierung zur Verf\u00fcgung. Computerwissenschaften wenden wir routinem\u00e4\u00dfig in rechnergest\u00fctzten, chemischen Ans\u00e4tzen an. Struktur-basiertes Wirkstoffdesign wird eingesetzt, falls Strukturdaten des Zielproteins verf\u00fcgbar sind, Liganden-basiertes Wirkstoffdesign, wenn Strukturinformationen des Targets fehlen oder nicht zuverl\u00e4ssig sind. Unsere Expertise umfasst auch Pharmakophor-Modellierung, Scaffold-Hopping und molekulares de-novo Design. Unsere Computerchemiker und Medizinalchemiker arbeiten in interaktiven molekularen Design-Sitzungen eng zusammen. So lassen sich schnell Hypothesen f\u00fcr molekulare Wirkstoffdesigns erstellen, die sofort mittels geeigneter in-silico Modelle bewertet werden, bevor Molek\u00fcle priorisiert und f\u00fcr die Synthese ausgew\u00e4hlt werden.<\/p>\n<h3>Unsere Dienstleistungen im Bereich der computergest\u00fctzten Chemie umfassen:<\/h3>\n<ul>\n<li>\n\t\t\t\t\t\t\t<svg aria-hidden=\"true\" viewBox=\"0 0 512 512\" xmlns=\"http:\/\/www.w3.org\/2000\/svg\"><path d=\"M504 256C504 119 393 8 256 8S8 119 8 256s111 248 248 248 248-111 248-248zm-448 0c0-110.5 89.5-200 200-200s200 89.5 200 200-89.5 200-200 200S56 366.5 56 256zm72 20v-40c0-6.6 5.4-12 12-12h116v-67c0-10.7 12.9-16 20.5-8.5l99 99c4.7 4.7 4.7 12.3 0 17l-99 99c-7.6 7.6-20.5 2.2-20.5-8.5v-67H140c-6.6 0-12-5.4-12-12z\"><\/path><\/svg><br \/>\n\t\t\t\t\t\t\t\t\t\tChemo- und Bioinformatik\n\t\t\t\t\t\t\t\t\t<\/li>\n<li>\n\t\t\t\t\t\t\t<svg aria-hidden=\"true\" viewBox=\"0 0 512 512\" xmlns=\"http:\/\/www.w3.org\/2000\/svg\"><path d=\"M504 256C504 119 393 8 256 8S8 119 8 256s111 248 248 248 248-111 248-248zm-448 0c0-110.5 89.5-200 200-200s200 89.5 200 200-89.5 200-200 200S56 366.5 56 256zm72 20v-40c0-6.6 5.4-12 12-12h116v-67c0-10.7 12.9-16 20.5-8.5l99 99c4.7 4.7 4.7 12.3 0 17l-99 99c-7.6 7.6-20.5 2.2-20.5-8.5v-67H140c-6.6 0-12-5.4-12-12z\"><\/path><\/svg><br \/>\n\t\t\t\t\t\t\t\t\t\tComputer-Aided Drug Design (CADD)\n\t\t\t\t\t\t\t\t\t<\/li>\n<li>\n\t\t\t\t\t\t\t<svg aria-hidden=\"true\" viewBox=\"0 0 512 512\" xmlns=\"http:\/\/www.w3.org\/2000\/svg\"><path d=\"M504 256C504 119 393 8 256 8S8 119 8 256s111 248 248 248 248-111 248-248zm-448 0c0-110.5 89.5-200 200-200s200 89.5 200 200-89.5 200-200 200S56 366.5 56 256zm72 20v-40c0-6.6 5.4-12 12-12h116v-67c0-10.7 12.9-16 20.5-8.5l99 99c4.7 4.7 4.7 12.3 0 17l-99 99c-7.6 7.6-20.5 2.2-20.5-8.5v-67H140c-6.6 0-12-5.4-12-12z\"><\/path><\/svg><br \/>\n\t\t\t\t\t\t\t\t\t\tLiganden-basiertes Drug Design\n\t\t\t\t\t\t\t\t\t<\/li>\n<li>\n\t\t\t\t\t\t\t<svg aria-hidden=\"true\" viewBox=\"0 0 512 512\" xmlns=\"http:\/\/www.w3.org\/2000\/svg\"><path d=\"M504 256C504 119 393 8 256 8S8 119 8 256s111 248 248 248 248-111 248-248zm-448 0c0-110.5 89.5-200 200-200s200 89.5 200 200-89.5 200-200 200S56 366.5 56 256zm72 20v-40c0-6.6 5.4-12 12-12h116v-67c0-10.7 12.9-16 20.5-8.5l99 99c4.7 4.7 4.7 12.3 0 17l-99 99c-7.6 7.6-20.5 2.2-20.5-8.5v-67H140c-6.6 0-12-5.4-12-12z\"><\/path><\/svg><br \/>\n\t\t\t\t\t\t\t\t\t\tStruktur-basiertes Drug Design\n\t\t\t\t\t\t\t\t\t<\/li>\n<li>\n\t\t\t\t\t\t\t<svg aria-hidden=\"true\" viewBox=\"0 0 512 512\" xmlns=\"http:\/\/www.w3.org\/2000\/svg\"><path d=\"M504 256C504 119 393 8 256 8S8 119 8 256s111 248 248 248 248-111 248-248zm-448 0c0-110.5 89.5-200 200-200s200 89.5 200 200-89.5 200-200 200S56 366.5 56 256zm72 20v-40c0-6.6 5.4-12 12-12h116v-67c0-10.7 12.9-16 20.5-8.5l99 99c4.7 4.7 4.7 12.3 0 17l-99 99c-7.6 7.6-20.5 2.2-20.5-8.5v-67H140c-6.6 0-12-5.4-12-12z\"><\/path><\/svg><br \/>\n\t\t\t\t\t\t\t\t\t\tFragment-basiertes Drug Design\n\t\t\t\t\t\t\t\t\t<\/li>\n<li>\n\t\t\t\t\t\t\t<svg aria-hidden=\"true\" viewBox=\"0 0 512 512\" xmlns=\"http:\/\/www.w3.org\/2000\/svg\"><path d=\"M504 256C504 119 393 8 256 8S8 119 8 256s111 248 248 248 248-111 248-248zm-448 0c0-110.5 89.5-200 200-200s200 89.5 200 200-89.5 200-200 200S56 366.5 56 256zm72 20v-40c0-6.6 5.4-12 12-12h116v-67c0-10.7 12.9-16 20.5-8.5l99 99c4.7 4.7 4.7 12.3 0 17l-99 99c-7.6 7.6-20.5 2.2-20.5-8.5v-67H140c-6.6 0-12-5.4-12-12z\"><\/path><\/svg><br \/>\n\t\t\t\t\t\t\t\t\t\tVirtuelles Screening\n\t\t\t\t\t\t\t\t\t<\/li>\n<li>\n\t\t\t\t\t\t\t<svg aria-hidden=\"true\" viewBox=\"0 0 512 512\" xmlns=\"http:\/\/www.w3.org\/2000\/svg\"><path d=\"M504 256C504 119 393 8 256 8S8 119 8 256s111 248 248 248 248-111 248-248zm-448 0c0-110.5 89.5-200 200-200s200 89.5 200 200-89.5 200-200 200S56 366.5 56 256zm72 20v-40c0-6.6 5.4-12 12-12h116v-67c0-10.7 12.9-16 20.5-8.5l99 99c4.7 4.7 4.7 12.3 0 17l-99 99c-7.6 7.6-20.5 2.2-20.5-8.5v-67H140c-6.6 0-12-5.4-12-12z\"><\/path><\/svg><br \/>\n\t\t\t\t\t\t\t\t\t\tDesign von Wirkstoffbibliotheken\n\t\t\t\t\t\t\t\t\t<\/li>\n<li>\n\t\t\t\t\t\t\t<svg aria-hidden=\"true\" viewBox=\"0 0 512 512\" xmlns=\"http:\/\/www.w3.org\/2000\/svg\"><path d=\"M504 256C504 119 393 8 256 8S8 119 8 256s111 248 248 248 248-111 248-248zm-448 0c0-110.5 89.5-200 200-200s200 89.5 200 200-89.5 200-200 200S56 366.5 56 256zm72 20v-40c0-6.6 5.4-12 12-12h116v-67c0-10.7 12.9-16 20.5-8.5l99 99c4.7 4.7 4.7 12.3 0 17l-99 99c-7.6 7.6-20.5 2.2-20.5-8.5v-67H140c-6.6 0-12-5.4-12-12z\"><\/path><\/svg><br \/>\n\t\t\t\t\t\t\t\t\t\tChemogenomik\n\t\t\t\t\t\t\t\t\t<\/li>\n<li>\n\t\t\t\t\t\t\t<svg aria-hidden=\"true\" viewBox=\"0 0 512 512\" xmlns=\"http:\/\/www.w3.org\/2000\/svg\"><path d=\"M504 256C504 119 393 8 256 8S8 119 8 256s111 248 248 248 248-111 248-248zm-448 0c0-110.5 89.5-200 200-200s200 89.5 200 200-89.5 200-200 200S56 366.5 56 256zm72 20v-40c0-6.6 5.4-12 12-12h116v-67c0-10.7 12.9-16 20.5-8.5l99 99c4.7 4.7 4.7 12.3 0 17l-99 99c-7.6 7.6-20.5 2.2-20.5-8.5v-67H140c-6.6 0-12-5.4-12-12z\"><\/path><\/svg><br \/>\n\t\t\t\t\t\t\t\t\t\tIdentifizierung von aktiven Zentren\n\t\t\t\t\t\t\t\t\t<\/li>\n<\/ul>\n<p>\t\t\t\t\t\t\t\t\t\t\t\t\t<img fetchpriority=\"high\" decoding=\"async\" width=\"480\" height=\"350\" src=\"https:\/\/www.tarosdiscovery.com\/wp-content\/uploads\/2023\/12\/peptide-synthesis-jpg.webp\" alt=\"\" srcset=\"https:\/\/www.tarosdiscovery.com\/wp-content\/uploads\/2023\/12\/peptide-synthesis-jpg.webp 480w, https:\/\/www.tarosdiscovery.com\/wp-content\/uploads\/2023\/12\/peptide-synthesis-300x219.webp 300w\" sizes=\"(max-width: 480px) 100vw, 480px\" data-has-transparency=\"false\" data-dominant-color=\"8e857c\" style=\"--dominant-color: #8e857c\" \/><br \/>\n\t\t\t<a href=\"https:\/\/www.tarosdiscovery.com\/de\/wirkstoffforschung\/medizinalchemie\/\"><br \/>\n\t\t\t\t\t\tMedizinalchemie<br \/>\n\t\t\t\t\t<\/a><\/p>\n<p>In der medizinalchemischen Forschung arbeiten wir mit einem Team, welches breite Erfahrung auf biomolekularen Targets aus allen Genfamilien und therapeutischen Bereichen\u2026<\/p>\n<p>\t\t\t\t\t\t\t\t\t\t\t\t\t<img decoding=\"async\" width=\"480\" height=\"350\" src=\"https:\/\/www.tarosdiscovery.com\/wp-content\/uploads\/2023\/12\/miniblcke_finish_ohnegelb-sec-jpg.webp\" alt=\"\" srcset=\"https:\/\/www.tarosdiscovery.com\/wp-content\/uploads\/2023\/12\/miniblcke_finish_ohnegelb-sec-jpg.webp 480w, https:\/\/www.tarosdiscovery.com\/wp-content\/uploads\/2023\/12\/miniblcke_finish_ohnegelb-sec-300x219.webp 300w\" sizes=\"(max-width: 480px) 100vw, 480px\" data-has-transparency=\"false\" data-dominant-color=\"85a0b3\" style=\"--dominant-color: #85a0b3\" \/><br \/>\n\t\t\t<a href=\"https:\/\/www.tarosdiscovery.com\/de\/wirkstoffforschung\/parallelsynthese-und-wirkstoffbibliotheken\/\"><br \/>\n\t\t\t\t\t\tParallelsynthese und Wirkstoffbibliotheken<br \/>\n\t\t\t\t\t<\/a><\/p>\n<p>Ein hochwertiges Bibliotheksdesign erfordert chemische Kreativit\u00e4t und fundiertes Synthesewissen, um die h\u00f6chstm\u00f6gliche molekulare Vielfalt zu erreichen. Unser effizienter\u2026<\/p>\n<h2>Auf der Suche nach computergest\u00fctztem Wirkstoffdesign f\u00fcr Ihre Wirkstoffforschung?<\/h2>\n<p>\t\t\t<a href=\"https:\/\/www.tarosdiscovery.com\/de\/kontakt\/\"><br \/>\n\t\t\t\t\t\tKontakt<br \/>\n\t\t\t\t\t<\/a><\/p>\n<h2>Computerchemie als ein wichtiger Einflussfaktor auf das gesamte Projekt<\/h2>\n<p>Bei Taros verfolgen wir normalerweise das MDO-Konzept (Multidimensional Optimization), um sequentielle Tests zu vermeiden und um wichtige Probleme fr\u00fchzeitig in parallelen Screening-Kaskaden anzugehen. So vermeiden wir Sackgassen bei der Optimierung und sparen Kosten. Das MDO-Konzept erm\u00f6glicht es uns, in siliko molekulare Eigenschaften zu bewerten und molekulare Designs nach ihrer h\u00f6chsten Tauglichkeit zum Wirkstoffkandidat zu priorisieren.<\/p>\n<ul>\n<li>\n\t\t\t\t\t\t\t<svg aria-hidden=\"true\" viewBox=\"0 0 512 512\" xmlns=\"http:\/\/www.w3.org\/2000\/svg\"><path d=\"M504 256c0 136.967-111.033 248-248 248S8 392.967 8 256 119.033 8 256 8s248 111.033 248 248zM227.314 387.314l184-184c6.248-6.248 6.248-16.379 0-22.627l-22.627-22.627c-6.248-6.249-16.379-6.249-22.628 0L216 308.118l-70.059-70.059c-6.248-6.248-16.379-6.248-22.628 0l-22.627 22.627c-6.248 6.248-6.248 16.379 0 22.627l104 104c6.249 6.249 16.379 6.249 22.628.001z\"><\/path><\/svg><br \/>\n\t\t\t\t\t\t\t\t\t\tUnsere Computerchemiker arbeiten eng mit unseren Medizinalchemikern sowie Partnern und Kunden zusammen, um somit die Projektherausforderungen am effizientesten zu l\u00f6sen und Projektlaufzeiten zu verk\u00fcrzen.\n\t\t\t\t\t\t\t\t\t<\/li>\n<li>\n\t\t\t\t\t\t\t<svg aria-hidden=\"true\" viewBox=\"0 0 512 512\" xmlns=\"http:\/\/www.w3.org\/2000\/svg\"><path d=\"M504 256c0 136.967-111.033 248-248 248S8 392.967 8 256 119.033 8 256 8s248 111.033 248 248zM227.314 387.314l184-184c6.248-6.248 6.248-16.379 0-22.627l-22.627-22.627c-6.248-6.249-16.379-6.249-22.628 0L216 308.118l-70.059-70.059c-6.248-6.248-16.379-6.248-22.628 0l-22.627 22.627c-6.248 6.248-6.248 16.379 0 22.627l104 104c6.249 6.249 16.379 6.249 22.628.001z\"><\/path><\/svg><br \/>\n\t\t\t\t\t\t\t\t\t\tUnsere hauseigene Projektmanagement-Software TarosGate\u00ae erm\u00f6glicht es unseren Wissenschaftlern und Kunden, Daten gemeinsam zu analysieren und unterst\u00fctzt sie dabei, die n\u00e4chsten Projektschritte fundiert auszuw\u00e4hlen.\n\t\t\t\t\t\t\t\t\t<\/li>\n<li>\n\t\t\t\t\t\t\t<svg aria-hidden=\"true\" viewBox=\"0 0 512 512\" xmlns=\"http:\/\/www.w3.org\/2000\/svg\"><path d=\"M504 256c0 136.967-111.033 248-248 248S8 392.967 8 256 119.033 8 256 8s248 111.033 248 248zM227.314 387.314l184-184c6.248-6.248 6.248-16.379 0-22.627l-22.627-22.627c-6.248-6.249-16.379-6.249-22.628 0L216 308.118l-70.059-70.059c-6.248-6.248-16.379-6.248-22.628 0l-22.627 22.627c-6.248 6.248-6.248 16.379 0 22.627l104 104c6.249 6.249 16.379 6.249 22.628.001z\"><\/path><\/svg><br \/>\n\t\t\t\t\t\t\t\t\t\tWir verf\u00fcgen \u00fcber eine umfassende IT-Infrastruktur, die unsere Aktivit\u00e4ten in den Bereichen Chemoinformatik und molekulare Modellierung unterst\u00fctzt.\n\t\t\t\t\t\t\t\t\t<\/li>\n<\/ul>\n<p>\t\t\t\t\t\t\t\t\t\t\t\t\t<img decoding=\"async\" width=\"480\" height=\"350\" src=\"https:\/\/www.tarosdiscovery.com\/wp-content\/uploads\/2023\/12\/synthetic-chemistry-jpg.webp\" alt=\"\" srcset=\"https:\/\/www.tarosdiscovery.com\/wp-content\/uploads\/2023\/12\/synthetic-chemistry-jpg.webp 480w, https:\/\/www.tarosdiscovery.com\/wp-content\/uploads\/2023\/12\/synthetic-chemistry-300x219.webp 300w\" sizes=\"(max-width: 480px) 100vw, 480px\" data-has-transparency=\"false\" data-dominant-color=\"869ba3\" style=\"--dominant-color: #869ba3\" \/>\t\t\t\t\t\t\t\t\t\t\t\t\t<\/p>\n<p>Organische Synthese Chemie<\/p>\n<h3>Auftragssynthese<\/h3>\n<p>In unserer 20-j\u00e4hrigen Erfolgsgeschichte wir unsere Kunden aus verschiedenen Branchen bei ihren Herausforderungen in den Bereichen Chemie und Innovation unterst\u00fctzt\u2026<\/p>\n<p>\t\t\t<a href=\"https:\/\/www.tarosdiscovery.com\/de\/auftragssynthese\/\"><br \/>\n\t\t\t\t\t\tWeiterlesen<br \/>\n\t\t\t\t\t<\/a><br \/>\n\t\t\t\t\t\t\t\t\t\t\t\t\t<img loading=\"lazy\" decoding=\"async\" width=\"480\" height=\"350\" src=\"https:\/\/www.tarosdiscovery.com\/wp-content\/uploads\/2023\/12\/hal-gatewood-405338-unsplash-jpg.webp\" alt=\"\" srcset=\"https:\/\/www.tarosdiscovery.com\/wp-content\/uploads\/2023\/12\/hal-gatewood-405338-unsplash-jpg.webp 480w, https:\/\/www.tarosdiscovery.com\/wp-content\/uploads\/2023\/12\/hal-gatewood-405338-unsplash-300x219.webp 300w\" sizes=\"(max-width: 480px) 100vw, 480px\" data-has-transparency=\"false\" data-dominant-color=\"7b3560\" style=\"--dominant-color: #7b3560\" \/>\t\t\t\t\t\t\t\t\t\t\t\t\t<\/p>\n<p>Indikationen<\/p>\n<h3>Krankheitsgebiete und Genfamilien<\/h3>\n<p>Wir bieten Expertise in der Wirkstoffforschung zu G-Protein-gekoppelten Rezeptoren (GPCR), Kernrezeptoren (Hormonrezeptoren), Enzymen wie zum Beispiel\u2026<\/p>\n<p>\t\t\t<a href=\"https:\/\/www.tarosdiscovery.com\/de\/wirkstoffforschung\/krankheitsgebiete-und-genfamilien\/\"><br \/>\n\t\t\t\t\t\tWeiterlesen<br \/>\n\t\t\t\t\t<\/a><br \/>\n\t\t\t\t\t\t\t\t\t\t\t\t\t<img loading=\"lazy\" decoding=\"async\" width=\"768\" height=\"320\" src=\"https:\/\/www.tarosdiscovery.com\/wp-content\/uploads\/2023\/12\/startseite-firstbanner-jpg.webp\" alt=\"\" srcset=\"https:\/\/www.tarosdiscovery.com\/wp-content\/uploads\/2023\/12\/startseite-firstbanner-jpg.webp 768w, https:\/\/www.tarosdiscovery.com\/wp-content\/uploads\/2023\/12\/startseite-firstbanner-300x125.webp 300w\" sizes=\"(max-width: 768px) 100vw, 768px\" data-has-transparency=\"false\" data-dominant-color=\"1b5c93\" style=\"--dominant-color: #1b5c93\" \/>\t\t\t\t\t\t\t\t\t\t\t\t\t<\/p>\n<h3>Interessiert?<\/h3>\n<h3>Als ein europaweit f\u00fchrendes und unabh\u00e4ngiges Auftragsforschungsunternehmen (CRO) bieten wir Ihnen das gesamte Spektrum der (metall)organischen Synthesechemie.<\/h3>\n<p>Wir praktizieren einen pragmatischen sowie kundenorientierten Ansatz, um die Erwartungen an uns trotz h\u00f6chster Herausforderungen zu \u00fcbertreffen. Unsere erfahrenen Chemiker sind geschult, wirtschaftliche, \u00f6kologische sowie sicherheitstechnische Bedingungen f\u00fcr alle Phasen des Projekts zu evaluieren.<\/p>\n<p>\t\t\t<a href=\"https:\/\/www.tarosdiscovery.com\/de\/kontakt\/\"><br \/>\n\t\t\t\t\t\tKontakt<br \/>\n\t\t\t\t\t<\/a><\/p>\n","protected":false},"excerpt":{"rendered":"<p>Computerchemie und Molekulare Modellierung Cheminformatik, virtuelles Screening &#038; molekulare Modellierung Mit unserer Gruppe f\u00fcr Computerchemie stehen Ihnen fundierte Kenntnisse in den Bereichen Chemo- und Bioinformatik, virtuelles Screening und molekulare Modellierung zur Verf\u00fcgung. Computerwissenschaften wenden wir routinem\u00e4\u00dfig in rechnergest\u00fctzten, chemischen Ans\u00e4tzen an. Struktur-basiertes Wirkstoffdesign wird eingesetzt, falls Strukturdaten des Zielproteins verf\u00fcgbar sind, Liganden-basiertes Wirkstoffdesign, wenn Strukturinformationen [&hellip;]<\/p>\n","protected":false},"author":1,"featured_media":0,"parent":2849,"menu_order":0,"comment_status":"closed","ping_status":"closed","template":"","meta":{"site-sidebar-layout":"no-sidebar","site-content-layout":"","ast-site-content-layout":"full-width-container","site-content-style":"default","site-sidebar-style":"default","ast-global-header-display":"","ast-banner-title-visibility":"","ast-main-header-display":"","ast-hfb-above-header-display":"","ast-hfb-below-header-display":"","ast-hfb-mobile-header-display":"","site-post-title":"disabled","ast-breadcrumbs-content":"","ast-featured-img":"disabled","footer-sml-layout":"","theme-transparent-header-meta":"default","adv-header-id-meta":"","stick-header-meta":"","header-above-stick-meta":"","header-main-stick-meta":"","header-below-stick-meta":"","astra-migrate-meta-layouts":"default","ast-page-background-enabled":"default","ast-page-background-meta":{"desktop":{"background-color":"var(--ast-global-color-4)","background-image":"","background-repeat":"repeat","background-position":"center center","background-size":"auto","background-attachment":"scroll","background-type":"","background-media":"","overlay-type":"","overlay-color":"","overlay-opacity":"","overlay-gradient":""},"tablet":{"background-color":"","background-image":"","background-repeat":"repeat","background-position":"center center","background-size":"auto","background-attachment":"scroll","background-type":"","background-media":"","overlay-type":"","overlay-color":"","overlay-opacity":"","overlay-gradient":""},"mobile":{"background-color":"","background-image":"","background-repeat":"repeat","background-position":"center center","background-size":"auto","background-attachment":"scroll","background-type":"","background-media":"","overlay-type":"","overlay-color":"","overlay-opacity":"","overlay-gradient":""}},"ast-content-background-meta":{"desktop":{"background-color":"var(--ast-global-color-5)","background-image":"","background-repeat":"repeat","background-position":"center center","background-size":"auto","background-attachment":"scroll","background-type":"","background-media":"","overlay-type":"","overlay-color":"","overlay-opacity":"","overlay-gradient":""},"tablet":{"background-color":"var(--ast-global-color-5)","background-image":"","background-repeat":"repeat","background-position":"center center","background-size":"auto","background-attachment":"scroll","background-type":"","background-media":"","overlay-type":"","overlay-color":"","overlay-opacity":"","overlay-gradient":""},"mobile":{"background-color":"var(--ast-global-color-5)","background-image":"","background-repeat":"repeat","background-position":"center center","background-size":"auto","background-attachment":"scroll","background-type":"","background-media":"","overlay-type":"","overlay-color":"","overlay-opacity":"","overlay-gradient":""}},"footnotes":""},"class_list":["post-3673","page","type-page","status-publish","hentry"],"_links":{"self":[{"href":"https:\/\/www.tarosdiscovery.com\/de\/wp-json\/wp\/v2\/pages\/3673","targetHints":{"allow":["GET"]}}],"collection":[{"href":"https:\/\/www.tarosdiscovery.com\/de\/wp-json\/wp\/v2\/pages"}],"about":[{"href":"https:\/\/www.tarosdiscovery.com\/de\/wp-json\/wp\/v2\/types\/page"}],"author":[{"embeddable":true,"href":"https:\/\/www.tarosdiscovery.com\/de\/wp-json\/wp\/v2\/users\/1"}],"replies":[{"embeddable":true,"href":"https:\/\/www.tarosdiscovery.com\/de\/wp-json\/wp\/v2\/comments?post=3673"}],"version-history":[{"count":7,"href":"https:\/\/www.tarosdiscovery.com\/de\/wp-json\/wp\/v2\/pages\/3673\/revisions"}],"predecessor-version":[{"id":5137,"href":"https:\/\/www.tarosdiscovery.com\/de\/wp-json\/wp\/v2\/pages\/3673\/revisions\/5137"}],"up":[{"embeddable":true,"href":"https:\/\/www.tarosdiscovery.com\/de\/wp-json\/wp\/v2\/pages\/2849"}],"wp:attachment":[{"href":"https:\/\/www.tarosdiscovery.com\/de\/wp-json\/wp\/v2\/media?parent=3673"}],"curies":[{"name":"wp","href":"https:\/\/api.w.org\/{rel}","templated":true}]}}